{"id":5207,"date":"2024-04-13T03:04:55","date_gmt":"2024-04-13T03:04:55","guid":{"rendered":"https:\/\/retoparedes.com\/sitio\/?page_id=5207"},"modified":"2024-04-18T17:55:58","modified_gmt":"2024-04-18T17:55:58","slug":"las-rutas","status":"publish","type":"page","link":"https:\/\/retoparedes.com\/sitio\/las-rutas\/","title":{"rendered":"Medio 25km"},"content":{"rendered":"\t\t<div data-elementor-type=\"wp-page\" data-elementor-id=\"5207\" class=\"elementor elementor-5207\">\n\t\t\t\t\t\t<section class=\"elementor-section elementor-top-section elementor-element elementor-element-1ced8e7 elementor-section-boxed elementor-section-height-default elementor-section-height-default\" data-id=\"1ced8e7\" data-element_type=\"section\">\n\t\t\t\t\t\t<div class=\"elementor-container elementor-column-gap-extended\">\n\t\t\t\t\t<div class=\"elementor-column elementor-col-100 elementor-top-column elementor-element elementor-element-92ddd21 sc_layouts_column_icons_position_left\" data-id=\"92ddd21\" data-element_type=\"column\">\n\t\t\t<div class=\"elementor-widget-wrap elementor-element-populated\">\n\t\t\t\t\t\t<div class=\"elementor-element elementor-element-f15d643 elementor-widget elementor-widget-heading\" data-id=\"f15d643\" data-element_type=\"widget\" data-widget_type=\"heading.default\">\n\t\t\t\t<div class=\"elementor-widget-container\">\n\t\t\t<h2 class=\"elementor-heading-title elementor-size-default\">Medio Marat\u00f3n (25km): \n<\/h2>\t\t<\/div>\n\t\t\t\t<\/div>\n\t\t\t\t\t<\/div>\n\t\t<\/div>\n\t\t\t\t\t<\/div>\n\t\t<\/section>\n\t\t\t\t<section class=\"elementor-section elementor-top-section elementor-element elementor-element-21263ea elementor-section-boxed elementor-section-height-default elementor-section-height-default\" data-id=\"21263ea\" data-element_type=\"section\">\n\t\t\t\t\t\t<div class=\"elementor-container elementor-column-gap-extended\">\n\t\t\t\t\t<div class=\"elementor-column elementor-col-100 elementor-top-column elementor-element elementor-element-2c1b56f sc_layouts_column_icons_position_left\" data-id=\"2c1b56f\" data-element_type=\"column\">\n\t\t\t<div class=\"elementor-widget-wrap elementor-element-populated\">\n\t\t\t\t\t\t<div class=\"elementor-element elementor-element-fab1b06 elementor-widget-divider--view-line elementor-widget elementor-widget-divider\" data-id=\"fab1b06\" data-element_type=\"widget\" data-widget_type=\"divider.default\">\n\t\t\t\t<div class=\"elementor-widget-container\">\n\t\t\t\t\t<div class=\"elementor-divider\">\n\t\t\t<span class=\"elementor-divider-separator\">\n\t\t\t\t\t\t<\/span>\n\t\t<\/div>\n\t\t\t\t<\/div>\n\t\t\t\t<\/div>\n\t\t\t\t<div class=\"elementor-element elementor-element-954aa35 elementor-widget-divider--view-line elementor-widget elementor-widget-divider\" data-id=\"954aa35\" data-element_type=\"widget\" data-widget_type=\"divider.default\">\n\t\t\t\t<div class=\"elementor-widget-container\">\n\t\t\t\t\t<div class=\"elementor-divider\">\n\t\t\t<span class=\"elementor-divider-separator\">\n\t\t\t\t\t\t<\/span>\n\t\t<\/div>\n\t\t\t\t<\/div>\n\t\t\t\t<\/div>\n\t\t\t\t\t<\/div>\n\t\t<\/div>\n\t\t\t\t\t<\/div>\n\t\t<\/section>\n\t\t\t\t<section class=\"elementor-section elementor-top-section elementor-element elementor-element-1417ec8 elementor-section-boxed elementor-section-height-default elementor-section-height-default\" data-id=\"1417ec8\" data-element_type=\"section\">\n\t\t\t\t\t\t<div class=\"elementor-container elementor-column-gap-extended\">\n\t\t\t\t\t<div class=\"elementor-column elementor-col-100 elementor-top-column elementor-element elementor-element-a42f7ad sc_layouts_column_icons_position_left\" data-id=\"a42f7ad\" data-element_type=\"column\">\n\t\t\t<div class=\"elementor-widget-wrap elementor-element-populated\">\n\t\t\t\t\t\t<div class=\"elementor-element elementor-element-7546fb0 elementor-widget elementor-widget-text-editor\" data-id=\"7546fb0\" data-element_type=\"widget\" data-widget_type=\"text-editor.default\">\n\t\t\t\t<div class=\"elementor-widget-container\">\n\t\t\t\t\t\t\t<h4>LA PUERTA DE ENTRADA A LA AVENTURA<\/h4><p><span style=\"color: #333333; font-family: Roboto, sans-serif; font-size: 14px; font-weight: 300;\">En el coraz\u00f3n de Rioverde, San Luis Potos\u00ed, aguarda una aventura como ninguna otra: el Marat\u00f3n Reto Paredes. Este evento \u00e9pico del ciclismo de monta\u00f1a ofrece a los valientes participantes la oportunidad de explorar paisajes impresionantes y desafiar sus l\u00edmites f\u00edsicos y mentales en tres emocionantes modalidades. Desde los principiantes hasta los ciclistas m\u00e1s experimentados, hay una ruta para cada tipo de aventurero.<\/span><\/p><p>Ideal para ciclistas principiantes y aquellos que prefieren un desaf\u00edo m\u00e1s moderado, el Medio Marat\u00f3n de 25 kil\u00f3metros ofrece una experiencia pintoresca y accesible. Con una altitud m\u00e1xima de 1125 metros, esta ruta serpentea a trav\u00e9s de exuberantes bosques y ca\u00f1ones escarpados, brindando a los participantes la oportunidad de familiarizarse con los senderos mientras disfrutan de la belleza natural de Rioverde.<\/p>\t\t\t\t\t\t<\/div>\n\t\t\t\t<\/div>\n\t\t\t\t\t<\/div>\n\t\t<\/div>\n\t\t\t\t\t<\/div>\n\t\t<\/section>\n\t\t\t\t<section class=\"elementor-section elementor-top-section elementor-element elementor-element-0fd0755 elementor-section-boxed elementor-section-height-default elementor-section-height-default\" data-id=\"0fd0755\" data-element_type=\"section\">\n\t\t\t\t\t\t<div class=\"elementor-container elementor-column-gap-extended\">\n\t\t\t\t\t<div class=\"elementor-column elementor-col-100 elementor-top-column elementor-element elementor-element-d04fafd sc_layouts_column_icons_position_left\" data-id=\"d04fafd\" data-element_type=\"column\">\n\t\t\t<div class=\"elementor-widget-wrap elementor-element-populated\">\n\t\t\t\t\t\t<div class=\"elementor-element elementor-element-46841d3 elementor-widget-divider--view-line elementor-widget elementor-widget-divider\" data-id=\"46841d3\" data-element_type=\"widget\" data-widget_type=\"divider.default\">\n\t\t\t\t<div class=\"elementor-widget-container\">\n\t\t\t\t\t<div class=\"elementor-divider\">\n\t\t\t<span class=\"elementor-divider-separator\">\n\t\t\t\t\t\t<\/span>\n\t\t<\/div>\n\t\t\t\t<\/div>\n\t\t\t\t<\/div>\n\t\t\t\t<div class=\"elementor-element elementor-element-57f75b8 elementor-widget-divider--view-line elementor-widget elementor-widget-divider\" data-id=\"57f75b8\" data-element_type=\"widget\" data-widget_type=\"divider.default\">\n\t\t\t\t<div class=\"elementor-widget-container\">\n\t\t\t\t\t<div class=\"elementor-divider\">\n\t\t\t<span class=\"elementor-divider-separator\">\n\t\t\t\t\t\t<\/span>\n\t\t<\/div>\n\t\t\t\t<\/div>\n\t\t\t\t<\/div>\n\t\t\t\t\t<\/div>\n\t\t<\/div>\n\t\t\t\t\t<\/div>\n\t\t<\/section>\n\t\t\t\t<section class=\"elementor-section elementor-top-section elementor-element elementor-element-f40115a elementor-section-boxed elementor-section-height-default elementor-section-height-default\" data-id=\"f40115a\" data-element_type=\"section\">\n\t\t\t\t\t\t<div class=\"elementor-container elementor-column-gap-extended\">\n\t\t\t\t\t<div class=\"elementor-column elementor-col-33 elementor-top-column elementor-element elementor-element-26b55f5 sc_layouts_column_icons_position_left\" data-id=\"26b55f5\" data-element_type=\"column\">\n\t\t\t<div class=\"elementor-widget-wrap elementor-element-populated\">\n\t\t\t\t\t\t<div class=\"elementor-element elementor-element-fdd043e elementor-widget elementor-widget-image\" data-id=\"fdd043e\" data-element_type=\"widget\" data-widget_type=\"image.default\">\n\t\t\t\t<div class=\"elementor-widget-container\">\n\t\t\t\t\t\t\t\t\t\t\t\t\t\t<a href=\"https:\/\/retoparedes.com\/sitio\/wp-content\/uploads\/2024\/04\/Paredes25.zip\" target=\"_blank\">\n\t\t\t\t\t\t\t<img fetchpriority=\"high\" decoding=\"async\" width=\"1024\" height=\"1024\" src=\"https:\/\/retoparedes.com\/sitio\/wp-content\/uploads\/2024\/04\/gpx-1024x1024.png\" class=\"attachment-large size-large wp-image-5221\" alt=\"\" srcset=\"https:\/\/retoparedes.com\/sitio\/wp-content\/uploads\/2024\/04\/gpx-1024x1024.png 1024w, https:\/\/retoparedes.com\/sitio\/wp-content\/uploads\/2024\/04\/gpx-300x300.png 300w, https:\/\/retoparedes.com\/sitio\/wp-content\/uploads\/2024\/04\/gpx-150x150.png 150w, https:\/\/retoparedes.com\/sitio\/wp-content\/uploads\/2024\/04\/gpx-768x768.png 768w, https:\/\/retoparedes.com\/sitio\/wp-content\/uploads\/2024\/04\/gpx-370x370.png 370w, https:\/\/retoparedes.com\/sitio\/wp-content\/uploads\/2024\/04\/gpx-155x155.png 155w, https:\/\/retoparedes.com\/sitio\/wp-content\/uploads\/2024\/04\/gpx-357x357.png 357w, https:\/\/retoparedes.com\/sitio\/wp-content\/uploads\/2024\/04\/gpx-745x745.png 745w, https:\/\/retoparedes.com\/sitio\/wp-content\/uploads\/2024\/04\/gpx-365x365.png 365w, https:\/\/retoparedes.com\/sitio\/wp-content\/uploads\/2024\/04\/gpx-720x720.png 720w, https:\/\/retoparedes.com\/sitio\/wp-content\/uploads\/2024\/04\/gpx-600x600.png 600w, https:\/\/retoparedes.com\/sitio\/wp-content\/uploads\/2024\/04\/gpx.png 1099w\" sizes=\"(max-width: 1024px) 100vw, 1024px\" \/>\t\t\t\t\t\t\t\t<\/a>\n\t\t\t\t\t\t\t\t\t\t\t\t\t<\/div>\n\t\t\t\t<\/div>\n\t\t\t\t\t<\/div>\n\t\t<\/div>\n\t\t\t\t<div class=\"elementor-column elementor-col-66 elementor-top-column elementor-element elementor-element-7eb0dbd sc_layouts_column_icons_position_left\" data-id=\"7eb0dbd\" data-element_type=\"column\">\n\t\t\t<div class=\"elementor-widget-wrap elementor-element-populated\">\n\t\t\t\t\t\t<div class=\"elementor-element elementor-element-8e00cae elementor-widget elementor-widget-image\" data-id=\"8e00cae\" data-element_type=\"widget\" data-widget_type=\"image.default\">\n\t\t\t\t<div class=\"elementor-widget-container\">\n\t\t\t\t\t\t\t\t\t\t\t\t\t<img decoding=\"async\" width=\"1024\" height=\"465\" src=\"https:\/\/retoparedes.com\/sitio\/wp-content\/uploads\/2024\/04\/WhatsApp-Image-2024-04-12-at-14.27.06-1024x465.jpeg\" class=\"attachment-large size-large wp-image-5214\" alt=\"\" srcset=\"https:\/\/retoparedes.com\/sitio\/wp-content\/uploads\/2024\/04\/WhatsApp-Image-2024-04-12-at-14.27.06-1024x465.jpeg 1024w, https:\/\/retoparedes.com\/sitio\/wp-content\/uploads\/2024\/04\/WhatsApp-Image-2024-04-12-at-14.27.06-300x136.jpeg 300w, https:\/\/retoparedes.com\/sitio\/wp-content\/uploads\/2024\/04\/WhatsApp-Image-2024-04-12-at-14.27.06-768x348.jpeg 768w, https:\/\/retoparedes.com\/sitio\/wp-content\/uploads\/2024\/04\/WhatsApp-Image-2024-04-12-at-14.27.06-370x168.jpeg 370w, https:\/\/retoparedes.com\/sitio\/wp-content\/uploads\/2024\/04\/WhatsApp-Image-2024-04-12-at-14.27.06-745x338.jpeg 745w, https:\/\/retoparedes.com\/sitio\/wp-content\/uploads\/2024\/04\/WhatsApp-Image-2024-04-12-at-14.27.06-365x166.jpeg 365w, https:\/\/retoparedes.com\/sitio\/wp-content\/uploads\/2024\/04\/WhatsApp-Image-2024-04-12-at-14.27.06-740x336.jpeg 740w, https:\/\/retoparedes.com\/sitio\/wp-content\/uploads\/2024\/04\/WhatsApp-Image-2024-04-12-at-14.27.06-600x272.jpeg 600w, https:\/\/retoparedes.com\/sitio\/wp-content\/uploads\/2024\/04\/WhatsApp-Image-2024-04-12-at-14.27.06.jpeg 1316w\" sizes=\"(max-width: 1024px) 100vw, 1024px\" \/>\t\t\t\t\t\t\t\t\t\t\t\t\t<\/div>\n\t\t\t\t<\/div>\n\t\t\t\t\t<\/div>\n\t\t<\/div>\n\t\t\t\t\t<\/div>\n\t\t<\/section>\n\t\t\t\t<section class=\"elementor-section elementor-top-section elementor-element elementor-element-09789fd elementor-section-boxed elementor-section-height-default elementor-section-height-default\" data-id=\"09789fd\" data-element_type=\"section\">\n\t\t\t\t\t\t<div class=\"elementor-container elementor-column-gap-extended\">\n\t\t\t\t\t<div class=\"elementor-column elementor-col-100 elementor-top-column elementor-element elementor-element-4e413c5 sc_layouts_column_icons_position_left\" data-id=\"4e413c5\" data-element_type=\"column\">\n\t\t\t<div class=\"elementor-widget-wrap elementor-element-populated\">\n\t\t\t\t\t\t<div class=\"elementor-element elementor-element-ebb5598 elementor-widget-divider--view-line elementor-widget elementor-widget-divider\" data-id=\"ebb5598\" data-element_type=\"widget\" data-widget_type=\"divider.default\">\n\t\t\t\t<div class=\"elementor-widget-container\">\n\t\t\t\t\t<div class=\"elementor-divider\">\n\t\t\t<span class=\"elementor-divider-separator\">\n\t\t\t\t\t\t<\/span>\n\t\t<\/div>\n\t\t\t\t<\/div>\n\t\t\t\t<\/div>\n\t\t\t\t\t<\/div>\n\t\t<\/div>\n\t\t\t\t\t<\/div>\n\t\t<\/section>\n\t\t\t\t<section class=\"elementor-section elementor-top-section elementor-element elementor-element-6ec93d9 elementor-section-boxed elementor-section-height-default elementor-section-height-default\" data-id=\"6ec93d9\" data-element_type=\"section\">\n\t\t\t\t\t\t<div class=\"elementor-container elementor-column-gap-extended\">\n\t\t\t\t\t<div class=\"elementor-column elementor-col-100 elementor-top-column elementor-element elementor-element-37f4f05 sc_layouts_column_icons_position_left\" data-id=\"37f4f05\" data-element_type=\"column\">\n\t\t\t<div class=\"elementor-widget-wrap elementor-element-populated\">\n\t\t\t\t\t\t<div class=\"elementor-element elementor-element-83d55b9 elementor-widget-divider--view-line elementor-widget elementor-widget-divider\" data-id=\"83d55b9\" data-element_type=\"widget\" data-widget_type=\"divider.default\">\n\t\t\t\t<div class=\"elementor-widget-container\">\n\t\t\t\t\t<div class=\"elementor-divider\">\n\t\t\t<span class=\"elementor-divider-separator\">\n\t\t\t\t\t\t<\/span>\n\t\t<\/div>\n\t\t\t\t<\/div>\n\t\t\t\t<\/div>\n\t\t\t\t\t<\/div>\n\t\t<\/div>\n\t\t\t\t\t<\/div>\n\t\t<\/section>\n\t\t\t\t<section class=\"elementor-section elementor-top-section elementor-element elementor-element-b63aabc elementor-section-boxed elementor-section-height-default elementor-section-height-default\" data-id=\"b63aabc\" data-element_type=\"section\">\n\t\t\t\t\t\t<div class=\"elementor-container elementor-column-gap-extended\">\n\t\t\t\t\t<div class=\"elementor-column elementor-col-100 elementor-top-column elementor-element elementor-element-8336da3 sc_layouts_column_icons_position_left\" data-id=\"8336da3\" data-element_type=\"column\">\n\t\t\t<div class=\"elementor-widget-wrap elementor-element-populated\">\n\t\t\t\t\t\t<div class=\"elementor-element elementor-element-9d4715c elementor-widget-divider--view-line elementor-widget elementor-widget-divider\" data-id=\"9d4715c\" data-element_type=\"widget\" data-widget_type=\"divider.default\">\n\t\t\t\t<div class=\"elementor-widget-container\">\n\t\t\t\t\t<div class=\"elementor-divider\">\n\t\t\t<span class=\"elementor-divider-separator\">\n\t\t\t\t\t\t<\/span>\n\t\t<\/div>\n\t\t\t\t<\/div>\n\t\t\t\t<\/div>\n\t\t\t\t\t<\/div>\n\t\t<\/div>\n\t\t\t\t\t<\/div>\n\t\t<\/section>\n\t\t\t\t<section class=\"elementor-section elementor-top-section elementor-element elementor-element-6e375c2 elementor-section-boxed elementor-section-height-default elementor-section-height-default\" data-id=\"6e375c2\" data-element_type=\"section\">\n\t\t\t\t\t\t<div class=\"elementor-container elementor-column-gap-extended\">\n\t\t\t\t\t<div class=\"elementor-column elementor-col-100 elementor-top-column elementor-element elementor-element-fe0b019 sc_layouts_column_icons_position_left\" data-id=\"fe0b019\" data-element_type=\"column\">\n\t\t\t<div class=\"elementor-widget-wrap elementor-element-populated\">\n\t\t\t\t\t\t<div class=\"elementor-element elementor-element-1a215c1 elementor-widget-divider--view-line elementor-widget elementor-widget-divider\" data-id=\"1a215c1\" data-element_type=\"widget\" data-widget_type=\"divider.default\">\n\t\t\t\t<div class=\"elementor-widget-container\">\n\t\t\t\t\t<div class=\"elementor-divider\">\n\t\t\t<span class=\"elementor-divider-separator\">\n\t\t\t\t\t\t<\/span>\n\t\t<\/div>\n\t\t\t\t<\/div>\n\t\t\t\t<\/div>\n\t\t\t\t\t<\/div>\n\t\t<\/div>\n\t\t\t\t\t<\/div>\n\t\t<\/section>\n\t\t\t\t<\/div>\n\t\t","protected":false},"excerpt":{"rendered":"<p>Medio Marat\u00f3n (25km): LA PUERTA DE ENTRADA A LA AVENTURA En el coraz\u00f3n de Rioverde, San Luis Potos\u00ed, aguarda una aventura como ninguna otra: el Marat\u00f3n Reto Paredes. Este evento \u00e9pico del ciclismo de monta\u00f1a ofrece a los valientes participantes la oportunidad de explorar paisajes impresionantes y desafiar sus l\u00edmites f\u00edsicos y&hellip;<\/p>\n","protected":false},"author":1,"featured_media":0,"parent":0,"menu_order":0,"comment_status":"closed","ping_status":"closed","template":"","meta":{"_siteseo_robots_primary_cat":"","footnotes":""},"class_list":["post-5207","page","type-page","status-publish","hentry"],"_links":{"self":[{"href":"https:\/\/retoparedes.com\/sitio\/wp-json\/wp\/v2\/pages\/5207","targetHints":{"allow":["GET"]}}],"collection":[{"href":"https:\/\/retoparedes.com\/sitio\/wp-json\/wp\/v2\/pages"}],"about":[{"href":"https:\/\/retoparedes.com\/sitio\/wp-json\/wp\/v2\/types\/page"}],"author":[{"embeddable":true,"href":"https:\/\/retoparedes.com\/sitio\/wp-json\/wp\/v2\/users\/1"}],"replies":[{"embeddable":true,"href":"https:\/\/retoparedes.com\/sitio\/wp-json\/wp\/v2\/comments?post=5207"}],"version-history":[{"count":34,"href":"https:\/\/retoparedes.com\/sitio\/wp-json\/wp\/v2\/pages\/5207\/revisions"}],"predecessor-version":[{"id":5417,"href":"https:\/\/retoparedes.com\/sitio\/wp-json\/wp\/v2\/pages\/5207\/revisions\/5417"}],"wp:attachment":[{"href":"https:\/\/retoparedes.com\/sitio\/wp-json\/wp\/v2\/media?parent=5207"}],"curies":[{"name":"wp","href":"https:\/\/api.w.org\/{rel}","templated":true}]}}