{"id":5227,"date":"2024-04-13T03:19:47","date_gmt":"2024-04-13T03:19:47","guid":{"rendered":"https:\/\/retoparedes.com\/sitio\/?page_id=5227"},"modified":"2026-02-02T05:10:17","modified_gmt":"2026-02-02T05:10:17","slug":"categorias","status":"publish","type":"page","link":"https:\/\/retoparedes.com\/sitio\/categorias\/","title":{"rendered":"Categorias"},"content":{"rendered":"\t\t<div data-elementor-type=\"wp-page\" data-elementor-id=\"5227\" class=\"elementor elementor-5227\">\n\t\t\t\t\t\t<section class=\"elementor-section elementor-top-section elementor-element elementor-element-5134e6d elementor-section-boxed elementor-section-height-default elementor-section-height-default\" data-id=\"5134e6d\" data-element_type=\"section\">\n\t\t\t\t\t\t<div class=\"elementor-container elementor-column-gap-extended\">\n\t\t\t\t\t<div class=\"elementor-column elementor-col-25 elementor-top-column elementor-element elementor-element-41a4248 sc_layouts_column_icons_position_left\" data-id=\"41a4248\" data-element_type=\"column\">\n\t\t\t<div class=\"elementor-widget-wrap elementor-element-populated\">\n\t\t\t\t\t\t\t<\/div>\n\t\t<\/div>\n\t\t\t\t<div class=\"elementor-column elementor-col-25 elementor-top-column elementor-element elementor-element-fdbd187 sc_layouts_column_icons_position_left\" data-id=\"fdbd187\" data-element_type=\"column\">\n\t\t\t<div class=\"elementor-widget-wrap elementor-element-populated\">\n\t\t\t\t\t\t<div class=\"elementor-element elementor-element-f9c9861 elementor-widget elementor-widget-text-editor\" data-id=\"f9c9861\" data-element_type=\"widget\" data-widget_type=\"text-editor.default\">\n\t\t\t\t<div class=\"elementor-widget-container\">\n\t\t\t\t\t\t\t<div><h6><span style=\"color: #800000;\">100KM<\/span><\/h6><\/div><ul><li>\u00c9LITE FEMENIL<\/li><li>\u00c9LITE VARONIL<\/li><li>M\u00c1STER 20 VARONIL<\/li><li>M\u00c1STER 20 FEMENIL<\/li><li>M\u00c1STER 30 VARONIL<\/li><li>M\u00c1STER 30 FEMENIL<\/li><li>M\u00c1STER 40 VARONIL<\/li><li>M\u00c1STER 40 FEMENIL<\/li><li>M\u00c1STER 50 VARONIL<\/li><li>M\u00c1STER 50 FEMENIL<\/li><li>M\u00c1STER 60 VARONIL<\/li><li>M\u00c1STER 60 FEMENIL<\/li><li>PAREJAS MIXTAS<\/li><\/ul>\t\t\t\t\t\t<\/div>\n\t\t\t\t<\/div>\n\t\t\t\t\t<\/div>\n\t\t<\/div>\n\t\t\t\t<div class=\"elementor-column elementor-col-25 elementor-top-column elementor-element elementor-element-96ac879 sc_layouts_column_icons_position_left\" data-id=\"96ac879\" data-element_type=\"column\">\n\t\t\t<div class=\"elementor-widget-wrap elementor-element-populated\">\n\t\t\t\t\t\t<div class=\"elementor-element elementor-element-4792b3f elementor-widget elementor-widget-text-editor\" data-id=\"4792b3f\" data-element_type=\"widget\" data-widget_type=\"text-editor.default\">\n\t\t\t\t<div class=\"elementor-widget-container\">\n\t\t\t\t\t\t\t<h6><span style=\"color: #800000;\">60KM<\/span><\/h6><ul><li>VARONIL JUVENIL<\/li><li>AVANZADOS 20 VARONIL<\/li><li>AVANZADOS 30 VARONIL<\/li><li>AVANZADOS 40 VARONIL<\/li><li>AVANZADOS 50 VARONIL<\/li><li>AVANZADOS 60 VARONIL<\/li><li>FEMENIL JUVENIL<\/li><li>FEMENIL 20<\/li><li>FEMENIL 30<\/li><li>FEMENIL 40<\/li><li>FEMENIL 50<\/li><li>FEMENIL 60<\/li><li>GRAVEL\u00a0<\/li><li>CHICHARR\u00d3N 100KG+<\/li><li>PAREJAS MIXTAS<\/li><li>E BIKE<\/li><\/ul>\t\t\t\t\t\t<\/div>\n\t\t\t\t<\/div>\n\t\t\t\t\t<\/div>\n\t\t<\/div>\n\t\t\t\t<div class=\"elementor-column elementor-col-25 elementor-top-column elementor-element elementor-element-0d4301f sc_layouts_column_icons_position_left\" data-id=\"0d4301f\" data-element_type=\"column\">\n\t\t\t<div class=\"elementor-widget-wrap elementor-element-populated\">\n\t\t\t\t\t\t<div class=\"elementor-element elementor-element-77a8a8c elementor-widget elementor-widget-text-editor\" data-id=\"77a8a8c\" data-element_type=\"widget\" data-widget_type=\"text-editor.default\">\n\t\t\t\t<div class=\"elementor-widget-container\">\n\t\t\t\t\t\t\t<h6><span style=\"color: #800000;\">25KM MEDIO<\/span><\/h6><ul><li>VARONIL JUVENIL<\/li><li>VARONIL 20<\/li><li>VARONIL 30<\/li><li>VARONIL 40<\/li><li>VARONIL 50<\/li><li>VARONIL 60<\/li><li>FEMENIL JUVENIL<\/li><li>FEMENIL 20<\/li><li>FEMENIL 30<\/li><li>FEMENIL 40<\/li><li>FEMENIL 50<\/li><li>FEMENIL 60<\/li><li>GRAVEL<\/li><li>CHICHARR\u00d3N 100KG+<\/li><li>PAREJAS MIXTAS<\/li><li>E BIKE<\/li><\/ul>\t\t\t\t\t\t<\/div>\n\t\t\t\t<\/div>\n\t\t\t\t\t<\/div>\n\t\t<\/div>\n\t\t\t\t\t<\/div>\n\t\t<\/section>\n\t\t\t\t<section class=\"elementor-section elementor-top-section elementor-element elementor-element-4f33722 elementor-section-boxed elementor-section-height-default elementor-section-height-default\" data-id=\"4f33722\" data-element_type=\"section\">\n\t\t\t\t\t\t<div class=\"elementor-container elementor-column-gap-extended\">\n\t\t\t\t\t\t<\/div>\n\t\t<\/section>\n\t\t\t\t<section class=\"elementor-section elementor-top-section elementor-element elementor-element-17973f8 elementor-section-boxed elementor-section-height-default elementor-section-height-default\" data-id=\"17973f8\" data-element_type=\"section\">\n\t\t\t\t\t\t<div class=\"elementor-container elementor-column-gap-extended\">\n\t\t\t\t\t\t<\/div>\n\t\t<\/section>\n\t\t\t\t<section class=\"elementor-section elementor-top-section elementor-element elementor-element-8a7acc0 elementor-section-boxed elementor-section-height-default elementor-section-height-default\" data-id=\"8a7acc0\" data-element_type=\"section\">\n\t\t\t\t\t\t<div class=\"elementor-container elementor-column-gap-extended\">\n\t\t\t\t\t\t<\/div>\n\t\t<\/section>\n\t\t\t\t<\/div>\n\t\t","protected":false},"excerpt":{"rendered":"<p>100KM \u00c9LITE FEMENIL \u00c9LITE VARONIL M\u00c1STER 20 VARONIL M\u00c1STER 20 FEMENIL M\u00c1STER 30 VARONIL M\u00c1STER 30 FEMENIL M\u00c1STER 40 VARONIL M\u00c1STER 40 FEMENIL M\u00c1STER 50 VARONIL M\u00c1STER 50 FEMENIL M\u00c1STER 60 VARONIL M\u00c1STER 60 FEMENIL PAREJAS MIXTAS 60KM VARONIL JUVENIL AVANZADOS 20 VARONIL AVANZADOS 30 VARONIL AVANZADOS 40 VARONIL AVANZADOS 50 VARONIL&hellip;<\/p>\n","protected":false},"author":1,"featured_media":0,"parent":0,"menu_order":0,"comment_status":"closed","ping_status":"closed","template":"","meta":{"_siteseo_robots_primary_cat":"","footnotes":""},"class_list":["post-5227","page","type-page","status-publish","hentry"],"_links":{"self":[{"href":"https:\/\/retoparedes.com\/sitio\/wp-json\/wp\/v2\/pages\/5227","targetHints":{"allow":["GET"]}}],"collection":[{"href":"https:\/\/retoparedes.com\/sitio\/wp-json\/wp\/v2\/pages"}],"about":[{"href":"https:\/\/retoparedes.com\/sitio\/wp-json\/wp\/v2\/types\/page"}],"author":[{"embeddable":true,"href":"https:\/\/retoparedes.com\/sitio\/wp-json\/wp\/v2\/users\/1"}],"replies":[{"embeddable":true,"href":"https:\/\/retoparedes.com\/sitio\/wp-json\/wp\/v2\/comments?post=5227"}],"version-history":[{"count":46,"href":"https:\/\/retoparedes.com\/sitio\/wp-json\/wp\/v2\/pages\/5227\/revisions"}],"predecessor-version":[{"id":5865,"href":"https:\/\/retoparedes.com\/sitio\/wp-json\/wp\/v2\/pages\/5227\/revisions\/5865"}],"wp:attachment":[{"href":"https:\/\/retoparedes.com\/sitio\/wp-json\/wp\/v2\/media?parent=5227"}],"curies":[{"name":"wp","href":"https:\/\/api.w.org\/{rel}","templated":true}]}}