{"id":5399,"date":"2024-04-18T17:49:38","date_gmt":"2024-04-18T17:49:38","guid":{"rendered":"https:\/\/retoparedes.com\/sitio\/?page_id=5399"},"modified":"2024-04-18T17:53:36","modified_gmt":"2024-04-18T17:53:36","slug":"ultra-100km","status":"publish","type":"page","link":"https:\/\/retoparedes.com\/sitio\/ultra-100km\/","title":{"rendered":"Ultra 100km"},"content":{"rendered":"\t\t<div data-elementor-type=\"wp-page\" data-elementor-id=\"5399\" class=\"elementor elementor-5399\">\n\t\t\t\t\t\t<section class=\"elementor-section elementor-top-section elementor-element elementor-element-0ed80e0 elementor-section-boxed elementor-section-height-default elementor-section-height-default\" data-id=\"0ed80e0\" data-element_type=\"section\">\n\t\t\t\t\t\t<div class=\"elementor-container elementor-column-gap-extended\">\n\t\t\t\t\t<div class=\"elementor-column elementor-col-100 elementor-top-column elementor-element elementor-element-1d56995 sc_layouts_column_icons_position_left\" data-id=\"1d56995\" data-element_type=\"column\">\n\t\t\t<div class=\"elementor-widget-wrap elementor-element-populated\">\n\t\t\t\t\t\t<div class=\"elementor-element elementor-element-8e73954 elementor-widget elementor-widget-heading\" data-id=\"8e73954\" data-element_type=\"widget\" data-widget_type=\"heading.default\">\n\t\t\t\t<div class=\"elementor-widget-container\">\n\t\t\t<h2 class=\"elementor-heading-title elementor-size-default\">Ultra Marat\u00f3n (100km)<\/h2>\t\t<\/div>\n\t\t\t\t<\/div>\n\t\t\t\t\t<\/div>\n\t\t<\/div>\n\t\t\t\t\t<\/div>\n\t\t<\/section>\n\t\t\t\t<section class=\"elementor-section elementor-top-section elementor-element elementor-element-5b3d29c elementor-section-boxed elementor-section-height-default elementor-section-height-default\" data-id=\"5b3d29c\" data-element_type=\"section\">\n\t\t\t\t\t\t<div class=\"elementor-container elementor-column-gap-extended\">\n\t\t\t\t\t<div class=\"elementor-column elementor-col-100 elementor-top-column elementor-element elementor-element-ad1a14f sc_layouts_column_icons_position_left\" data-id=\"ad1a14f\" data-element_type=\"column\">\n\t\t\t<div class=\"elementor-widget-wrap elementor-element-populated\">\n\t\t\t\t\t\t<div class=\"elementor-element elementor-element-d8cf750 elementor-widget-divider--view-line elementor-widget elementor-widget-divider\" data-id=\"d8cf750\" data-element_type=\"widget\" data-widget_type=\"divider.default\">\n\t\t\t\t<div class=\"elementor-widget-container\">\n\t\t\t\t\t<div class=\"elementor-divider\">\n\t\t\t<span class=\"elementor-divider-separator\">\n\t\t\t\t\t\t<\/span>\n\t\t<\/div>\n\t\t\t\t<\/div>\n\t\t\t\t<\/div>\n\t\t\t\t\t<\/div>\n\t\t<\/div>\n\t\t\t\t\t<\/div>\n\t\t<\/section>\n\t\t\t\t<section class=\"elementor-section elementor-top-section elementor-element elementor-element-345e30a elementor-section-boxed elementor-section-height-default elementor-section-height-default\" data-id=\"345e30a\" data-element_type=\"section\">\n\t\t\t\t\t\t<div class=\"elementor-container elementor-column-gap-extended\">\n\t\t\t\t\t<div class=\"elementor-column elementor-col-100 elementor-top-column elementor-element elementor-element-4441341 sc_layouts_column_icons_position_left\" data-id=\"4441341\" data-element_type=\"column\">\n\t\t\t<div class=\"elementor-widget-wrap elementor-element-populated\">\n\t\t\t\t\t\t<div class=\"elementor-element elementor-element-ba8ef66 elementor-widget elementor-widget-text-editor\" data-id=\"ba8ef66\" data-element_type=\"widget\" data-widget_type=\"text-editor.default\">\n\t\t\t\t<div class=\"elementor-widget-container\">\n\t\t\t\t\t\t\t<h4><strong>El Desaf\u00edo Definitivo para los Valientes<\/strong><\/h4><p>Para los m\u00e1s intr\u00e9pidos y experimentados, el Ultra Marat\u00f3n de 100 kil\u00f3metros ofrece una prueba \u00e9pica de resistencia, determinaci\u00f3n y coraje. Con una altitud m\u00e1xima de 2100 metros, esta ruta desafiante lleva a los ciclistas a trav\u00e9s de terrenos variados y exigentes, desde bosques frondosos hasta ca\u00f1ones profundos y r\u00edos cristalinos. Con ascensos desafiantes y descensos vertiginosos, el Ultra Marat\u00f3n promete una aventura inolvidable que separa a los verdaderos guerreros de los meros mortales.<\/p><p>\u00a0<\/p><p>\u00a0<\/p>\t\t\t\t\t\t<\/div>\n\t\t\t\t<\/div>\n\t\t\t\t\t<\/div>\n\t\t<\/div>\n\t\t\t\t\t<\/div>\n\t\t<\/section>\n\t\t\t\t<section class=\"elementor-section elementor-top-section elementor-element elementor-element-7ea0b58 elementor-section-boxed elementor-section-height-default elementor-section-height-default\" data-id=\"7ea0b58\" data-element_type=\"section\">\n\t\t\t\t\t\t<div class=\"elementor-container elementor-column-gap-extended\">\n\t\t\t\t\t<div class=\"elementor-column elementor-col-33 elementor-top-column elementor-element elementor-element-e6a37ee sc_layouts_column_icons_position_left\" data-id=\"e6a37ee\" data-element_type=\"column\">\n\t\t\t<div class=\"elementor-widget-wrap elementor-element-populated\">\n\t\t\t\t\t\t<div class=\"elementor-element elementor-element-2f46e2f elementor-widget elementor-widget-image\" data-id=\"2f46e2f\" data-element_type=\"widget\" data-widget_type=\"image.default\">\n\t\t\t\t<div class=\"elementor-widget-container\">\n\t\t\t\t\t\t\t\t\t\t\t\t\t\t<a href=\"https:\/\/retoparedes.com\/sitio\/wp-content\/uploads\/2024\/04\/Paredes100.zip\" target=\"_blank\">\n\t\t\t\t\t\t\t<img fetchpriority=\"high\" decoding=\"async\" width=\"1024\" height=\"1024\" src=\"https:\/\/retoparedes.com\/sitio\/wp-content\/uploads\/2024\/04\/gpx-1024x1024.png\" class=\"attachment-large size-large wp-image-5221\" alt=\"\" srcset=\"https:\/\/retoparedes.com\/sitio\/wp-content\/uploads\/2024\/04\/gpx-1024x1024.png 1024w, https:\/\/retoparedes.com\/sitio\/wp-content\/uploads\/2024\/04\/gpx-300x300.png 300w, https:\/\/retoparedes.com\/sitio\/wp-content\/uploads\/2024\/04\/gpx-150x150.png 150w, https:\/\/retoparedes.com\/sitio\/wp-content\/uploads\/2024\/04\/gpx-768x768.png 768w, https:\/\/retoparedes.com\/sitio\/wp-content\/uploads\/2024\/04\/gpx-370x370.png 370w, https:\/\/retoparedes.com\/sitio\/wp-content\/uploads\/2024\/04\/gpx-155x155.png 155w, https:\/\/retoparedes.com\/sitio\/wp-content\/uploads\/2024\/04\/gpx-357x357.png 357w, https:\/\/retoparedes.com\/sitio\/wp-content\/uploads\/2024\/04\/gpx-745x745.png 745w, https:\/\/retoparedes.com\/sitio\/wp-content\/uploads\/2024\/04\/gpx-365x365.png 365w, https:\/\/retoparedes.com\/sitio\/wp-content\/uploads\/2024\/04\/gpx-720x720.png 720w, https:\/\/retoparedes.com\/sitio\/wp-content\/uploads\/2024\/04\/gpx-600x600.png 600w, https:\/\/retoparedes.com\/sitio\/wp-content\/uploads\/2024\/04\/gpx.png 1099w\" sizes=\"(max-width: 1024px) 100vw, 1024px\" \/>\t\t\t\t\t\t\t\t<\/a>\n\t\t\t\t\t\t\t\t\t\t\t\t\t<\/div>\n\t\t\t\t<\/div>\n\t\t\t\t\t<\/div>\n\t\t<\/div>\n\t\t\t\t<div class=\"elementor-column elementor-col-66 elementor-top-column elementor-element elementor-element-370fe9e sc_layouts_column_icons_position_left\" data-id=\"370fe9e\" data-element_type=\"column\">\n\t\t\t<div class=\"elementor-widget-wrap elementor-element-populated\">\n\t\t\t\t\t\t<div class=\"elementor-element elementor-element-49e386c elementor-widget elementor-widget-image\" data-id=\"49e386c\" data-element_type=\"widget\" data-widget_type=\"image.default\">\n\t\t\t\t<div class=\"elementor-widget-container\">\n\t\t\t\t\t\t\t\t\t\t\t\t\t<img decoding=\"async\" width=\"1024\" height=\"465\" src=\"https:\/\/retoparedes.com\/sitio\/wp-content\/uploads\/2024\/04\/WhatsApp-Image-2024-04-12-at-14.27.06-1-1024x465.jpeg\" class=\"attachment-large size-large wp-image-5213\" alt=\"\" srcset=\"https:\/\/retoparedes.com\/sitio\/wp-content\/uploads\/2024\/04\/WhatsApp-Image-2024-04-12-at-14.27.06-1-1024x465.jpeg 1024w, https:\/\/retoparedes.com\/sitio\/wp-content\/uploads\/2024\/04\/WhatsApp-Image-2024-04-12-at-14.27.06-1-300x136.jpeg 300w, https:\/\/retoparedes.com\/sitio\/wp-content\/uploads\/2024\/04\/WhatsApp-Image-2024-04-12-at-14.27.06-1-768x348.jpeg 768w, https:\/\/retoparedes.com\/sitio\/wp-content\/uploads\/2024\/04\/WhatsApp-Image-2024-04-12-at-14.27.06-1-370x168.jpeg 370w, https:\/\/retoparedes.com\/sitio\/wp-content\/uploads\/2024\/04\/WhatsApp-Image-2024-04-12-at-14.27.06-1-745x338.jpeg 745w, https:\/\/retoparedes.com\/sitio\/wp-content\/uploads\/2024\/04\/WhatsApp-Image-2024-04-12-at-14.27.06-1-365x166.jpeg 365w, https:\/\/retoparedes.com\/sitio\/wp-content\/uploads\/2024\/04\/WhatsApp-Image-2024-04-12-at-14.27.06-1-740x336.jpeg 740w, https:\/\/retoparedes.com\/sitio\/wp-content\/uploads\/2024\/04\/WhatsApp-Image-2024-04-12-at-14.27.06-1-600x272.jpeg 600w, https:\/\/retoparedes.com\/sitio\/wp-content\/uploads\/2024\/04\/WhatsApp-Image-2024-04-12-at-14.27.06-1.jpeg 1316w\" sizes=\"(max-width: 1024px) 100vw, 1024px\" \/>\t\t\t\t\t\t\t\t\t\t\t\t\t<\/div>\n\t\t\t\t<\/div>\n\t\t\t\t\t<\/div>\n\t\t<\/div>\n\t\t\t\t\t<\/div>\n\t\t<\/section>\n\t\t\t\t<section class=\"elementor-section elementor-top-section elementor-element elementor-element-817907b elementor-section-boxed elementor-section-height-default elementor-section-height-default\" data-id=\"817907b\" data-element_type=\"section\">\n\t\t\t\t\t\t<div class=\"elementor-container elementor-column-gap-extended\">\n\t\t\t\t\t<div class=\"elementor-column elementor-col-100 elementor-top-column elementor-element elementor-element-2175ee3 sc_layouts_column_icons_position_left\" data-id=\"2175ee3\" data-element_type=\"column\">\n\t\t\t<div class=\"elementor-widget-wrap\">\n\t\t\t\t\t\t\t<\/div>\n\t\t<\/div>\n\t\t\t\t\t<\/div>\n\t\t<\/section>\n\t\t\t\t<\/div>\n\t\t","protected":false},"excerpt":{"rendered":"<p>Ultra Marat\u00f3n (100km) El Desaf\u00edo Definitivo para los Valientes Para los m\u00e1s intr\u00e9pidos y experimentados, el Ultra Marat\u00f3n de 100 kil\u00f3metros ofrece una prueba \u00e9pica de resistencia, determinaci\u00f3n y coraje. Con una altitud m\u00e1xima de 2100 metros, esta ruta desafiante lleva a los ciclistas a trav\u00e9s de terrenos variados y exigentes, desde&hellip;<\/p>\n","protected":false},"author":1,"featured_media":0,"parent":0,"menu_order":0,"comment_status":"closed","ping_status":"closed","template":"","meta":{"_siteseo_robots_primary_cat":"","footnotes":""},"class_list":["post-5399","page","type-page","status-publish","hentry"],"_links":{"self":[{"href":"https:\/\/retoparedes.com\/sitio\/wp-json\/wp\/v2\/pages\/5399","targetHints":{"allow":["GET"]}}],"collection":[{"href":"https:\/\/retoparedes.com\/sitio\/wp-json\/wp\/v2\/pages"}],"about":[{"href":"https:\/\/retoparedes.com\/sitio\/wp-json\/wp\/v2\/types\/page"}],"author":[{"embeddable":true,"href":"https:\/\/retoparedes.com\/sitio\/wp-json\/wp\/v2\/users\/1"}],"replies":[{"embeddable":true,"href":"https:\/\/retoparedes.com\/sitio\/wp-json\/wp\/v2\/comments?post=5399"}],"version-history":[{"count":7,"href":"https:\/\/retoparedes.com\/sitio\/wp-json\/wp\/v2\/pages\/5399\/revisions"}],"predecessor-version":[{"id":5753,"href":"https:\/\/retoparedes.com\/sitio\/wp-json\/wp\/v2\/pages\/5399\/revisions\/5753"}],"wp:attachment":[{"href":"https:\/\/retoparedes.com\/sitio\/wp-json\/wp\/v2\/media?parent=5399"}],"curies":[{"name":"wp","href":"https:\/\/api.w.org\/{rel}","templated":true}]}}